{"id":1082,"date":"2018-02-01T12:45:21","date_gmt":"2018-02-01T12:45:21","guid":{"rendered":"http:\/\/www.zdenek-hula.cz\/?page_id=1082"},"modified":"2018-02-02T09:25:50","modified_gmt":"2018-02-02T09:25:50","slug":"posledni-vecere","status":"publish","type":"page","link":"https:\/\/www.zdenek-hula.cz\/index.php\/realizace\/posledni-vecere\/","title":{"rendered":"Posledn\u00ed ve\u010de\u0159e \/ The Last Supper"},"content":{"rendered":"<p>150 x 600 x 1000 cm<br \/>\nk\u00e1men \u2013 \u017eula<br \/>\nstone &#8211; granit<br \/>\n2015 \u2013 2017<br \/>\n\u010cernotice, St\u0159ezim\u00ed\u0159<\/p>\nngg_shortcode_0_placeholder\n<p>Dvan\u00e1ct kamen\u016f, ka\u017ed\u00fd k\u00e1men m\u00e1 sv\u016fj jedine\u010dn\u00fd tvar a hmotnost. Ka\u017ed\u00fd kamen m\u00e1 tak\u00e9 sv\u016fj st\u0159ed, kter\u00fd m\u016f\u017eeme definovat jako pr\u016fse\u010d\u00edk t\u0159\u00ed k&nbsp;sob\u011b kolm\u00fdch rovin. St\u0159edem proch\u00e1zej\u00ed t\u0159i pr\u016fse\u010dnice, kter\u00e9 definuj\u00ed n\u00e1\u0161 t\u0159\u00edrozm\u011brn\u00fd prostor. Tento bod je jedine\u010dn\u00e9 m\u00edsto v&nbsp;universu a z\u00e1rove\u0148 maxim\u00e1ln\u00ed koncentraci smyslu objektu. Aby bylo mo\u017en\u00e9 k&nbsp;tomuto bodu, smyslu doj\u00edt, nahl\u00e9dnout jej, mus\u00ed se ka\u017ed\u00fd takov\u00fdto objekt universa vzd\u00e1t \u010d\u00e1st\u00ed sv\u00e9 hmoty, sv\u00e9 jedine\u010dnosti, individuality.&nbsp; Vlastn\u011b se j\u00ed nevzd\u00e1v\u00e1, toto odejmut\u00ed ob\u011btov\u00e1n\u00ed, je jen p\u0159ijmut\u00ed faktu, \u017ee v\u0161e je sou\u010d\u00e1st\u00ed universa, kde se nic nem\u016f\u017ee ztratit, toto zd\u00e1nliv\u00e9 ob\u011btov\u00e1n\u00ed je vlastn\u011b p\u0159ijet\u00edm. Odebran\u00e1 \u010d\u00e1st nezmiz\u00ed, propoj\u00ed objekt zp\u011bt s&nbsp;universem.&nbsp; Umo\u017en\u00ed, aby hloubka jedine\u010dnosti se stala bodem, kter\u00fd je st\u0159edem. St\u0159edem universa, m\u00edstem p\u0159\u00edtomnosti loga, slova, Boha. Vyjev\u00ed se ale pouze otev\u0159en\u00edm zp\u0159\u00edstupn\u011bn\u00edm, t\u011bchto m\u00edst, t\u011bchto st\u0159ed\u016f smyslu. T\u011bchto p\u0159\u00edtomnost\u00ed je tolik, kolik objekt\u016f je schopn\u00fdch vlo\u017eit svoji jedine\u010dnost do \u0159\u00e1du sv\u011bta. Jedna definice &#8211; podobenstv\u00ed; B\u016fh je kru\u017enice, kter\u00e1 m\u00e1 st\u0159ed v\u0161ude a obvod nikde.<\/p>\n<p>Ka\u017ed\u00e1 ze t\u0159\u00ed rovin, proch\u00e1zej\u00edc\u00ed kamenem, vymezuje, d\u011bl\u00ed prostor na dv\u011b protilehl\u00e9, opozi\u010dn\u00ed \u010d\u00e1sti. Horizont\u00e1ln\u00ed odd\u011bluje prostor zem\u011b od nebe, na\u0161i zemi od zbytku vesm\u00edru. Rovina veden\u00e1 \u010deln\u011b, odd\u011bluje tady od tam, minulost od budoucnosti. Posledn\u00ed rovina d\u011bl\u00ed prostor na lev\u00fd a prav\u00fd, toto d\u011blen\u00ed se d\u00e1 tak\u00e9 interpretovat jako osov\u00e1 soum\u011brnost, kter\u00e1 je v\u00fdznamnou slo\u017ekou stavby rostlin, zv\u00ed\u0159at a lid\u00ed.<\/p>\nngg_shortcode_1_placeholder\n<p>Dv\u011b k&nbsp;sob\u011b kolm\u00e9 roviny se prot\u00ednaj\u00ed v&nbsp;pr\u016fse\u010dnici. Pr\u016fnikem horizont\u00e1ln\u00ed roviny odd\u011bluj\u00edc\u00ed zemi od nebe, a roviny veden\u00e9 \u010deln\u011b, rozd\u011bluj\u00edc\u00ed tady a tam, vznikne p\u0159\u00edmka sm\u011b\u0159uj\u00edc\u00ed zprava do leva, definuj\u00edc\u00ed \u0161\u00ed\u0159i, kterou lze ale tak\u00e9 vn\u00edmat tak, \u017ee od zvolen\u00e9ho bodu, st\u0159edu, nuly, doleva rostou z\u00e1porn\u00e1 \u010d\u00edsla a doprava kladn\u00e1, a to lze interpretovat tak\u00e9 jako polaritu dobra a zla. Pr\u016fse\u010dnic\u00ed horizont\u00e1ln\u00ed roviny odd\u011bluj\u00edc\u00ed zemi od nebe, a roviny d\u011bl\u00edc\u00ed prostor na lev\u00fd a prav\u00fd je p\u0159\u00edmka sm\u011b\u0159uj\u00edc\u00ed zezadu kup\u0159edu, z&nbsp;minulosti do budoucnosti. Posledn\u00ed p\u0159\u00edmka, kter\u00e1 vznik\u00e1 pr\u016fnikem roviny d\u011bl\u00edc\u00ed prostor na lev\u00fd a prav\u00fd,a roviny veden\u00e9 \u010deln\u011b, rozd\u011bluj\u00edc\u00ed tady a tam, sm\u011b\u0159uje p\u0159\u00edmo nahoru a b\u00fdv\u00e1 interpretov\u00e1na jako cesta od hmoty k&nbsp;v\u011bdom\u00ed, od pr\u00e1zdna <span style=\"font-size: 14pt;\">k&nbsp;absolutnu.<\/span><\/p>\n<p><span style=\"font-size: 14pt;\">Objekt zat\u00edm nen\u00ed adjustov\u00e1n, chyb\u00ed plato, such\u00e1 zahrada, na kter\u00e9 se p\u0159\u00edb\u011bh bude odehr\u00e1vat. Zat\u00edm jednotliv\u00e9 objekty jsou pouze ulo\u017eeny nedaleko m\u00edsta, kde by budouc\u00ed instalace m\u011bla b\u00fdt. Lokalita je na soukrom\u00e9m pozemku v \u010cernotice, St\u0159ezim\u00ed\u0159.<\/span><\/p>\n<p><a href=\"https:\/\/www.google.cz\/maps\/place\/49%C2%B031'22.9%22N+14%C2%B035'19.5%22E\/@49.5229036,14.5877671,627m\/data=!3m1!1e3!4m5!3m4!1s0x0:0x0!8m2!3d49.523015!4d14.5887542\"><span style=\"font-size: 14pt;\">GPS: 49.5230150N, 14.5887542E<\/span><\/a><\/p>\n","protected":false},"excerpt":{"rendered":"<p>150 x 600 x 1000 cm k\u00e1men \u2013 \u017eula stone &#8211; granit 2015 \u2013 2017 \u010cernotice, St\u0159ezim\u00ed\u0159 &#8220; order_by=&#8220;sortorder&#8220; order_direction=&#8220;ASC&#8220; returns=&#8220;included&#8220; maximum_entity_count=&#8220;500&#8243;] Dvan\u00e1ct kamen\u016f, ka\u017ed\u00fd k\u00e1men m\u00e1 sv\u016fj jedine\u010dn\u00fd tvar a hmotnost. Ka\u017ed\u00fd kamen m\u00e1 tak\u00e9 sv\u016fj st\u0159ed, kter\u00fd m\u016f\u017eeme definovat jako pr\u016fse\u010d\u00edk t\u0159\u00ed k&nbsp;sob\u011b kolm\u00fdch rovin. St\u0159edem proch\u00e1zej\u00ed t\u0159i pr\u016fse\u010dnice, kter\u00e9 definuj\u00ed n\u00e1\u0161 t\u0159\u00edrozm\u011brn\u00fd&#8230;<\/p>\n","protected":false},"author":1,"featured_media":0,"parent":84,"menu_order":0,"comment_status":"closed","ping_status":"closed","template":"","meta":{"ngg_post_thumbnail":0,"footnotes":""},"class_list":["post-1082","page","type-page","status-publish","hentry"],"_links":{"self":[{"href":"https:\/\/www.zdenek-hula.cz\/index.php\/wp-json\/wp\/v2\/pages\/1082","targetHints":{"allow":["GET"]}}],"collection":[{"href":"https:\/\/www.zdenek-hula.cz\/index.php\/wp-json\/wp\/v2\/pages"}],"about":[{"href":"https:\/\/www.zdenek-hula.cz\/index.php\/wp-json\/wp\/v2\/types\/page"}],"author":[{"embeddable":true,"href":"https:\/\/www.zdenek-hula.cz\/index.php\/wp-json\/wp\/v2\/users\/1"}],"replies":[{"embeddable":true,"href":"https:\/\/www.zdenek-hula.cz\/index.php\/wp-json\/wp\/v2\/comments?post=1082"}],"version-history":[{"count":0,"href":"https:\/\/www.zdenek-hula.cz\/index.php\/wp-json\/wp\/v2\/pages\/1082\/revisions"}],"up":[{"embeddable":true,"href":"https:\/\/www.zdenek-hula.cz\/index.php\/wp-json\/wp\/v2\/pages\/84"}],"wp:attachment":[{"href":"https:\/\/www.zdenek-hula.cz\/index.php\/wp-json\/wp\/v2\/media?parent=1082"}],"curies":[{"name":"wp","href":"https:\/\/api.w.org\/{rel}","templated":true}]}}