{"id":1174,"date":"2018-02-01T13:08:20","date_gmt":"2018-02-01T13:08:20","guid":{"rendered":"http:\/\/www.zdenek-hula.cz\/?page_id=1174"},"modified":"2018-02-01T13:33:44","modified_gmt":"2018-02-01T13:33:44","slug":"ticho-v-silence-v","status":"publish","type":"page","link":"https:\/\/www.zdenek-hula.cz\/index.php\/realizace\/ticho-v-silence-v\/","title":{"rendered":"Ticho V. \/ Silence V."},"content":{"rendered":"<p>180 x 360 x 140 cm<br \/>\n\u017eula, \u017eelezo, sklo<br \/>\n2012 \u2013 2017<br \/>\nRadot\u00edn, Olbramovice<\/p>\nngg_shortcode_0_placeholder\n<p>Od nepam\u011bti lid\u00e9 vzty\u010dovali kameny. Vypad\u00e1 to tak, \u017ee tato touha p\u0159ekonat t\u00ed\u017ei, ji\u017e jsme v\u00e1zan\u00ed k&nbsp;zemi, je \u010dlov\u011bku d\u00e1na. Je t\u011b\u017eko pochopiteln\u00e9, pro\u010d na\u0161i p\u0159edci vynakl\u00e1dali tak velik\u00e9 \u00fasil\u00ed na stavby, kter\u00e9 m\u011bly, jak se n\u00e1m zd\u00e1, jen mal\u00fd, anebo v\u016fbec \u017e\u00e1dn\u00fd praktick\u00fd v\u00fdznam. Je to nejsp\u00ed\u0161 jinak. Pr\u00e1v\u011b tyto \u201ezbyte\u010dn\u00e9\u201c pr\u00e1ce dod\u00e1valy spole\u010denstv\u00ed \u00e9tos, v\u0159azovaly \u010dlov\u011bka do sv\u011bta, d\u00e1valy jeho \u00fasil\u00ed a jeho cest\u011b smysl. Tyto kameny a stavby upev\u0148ovaly a rozv\u00edjely duchovn\u00ed rozm\u011br lidsk\u00e9 existence. Z\u0159ejm\u011b z&nbsp;tohoto popudu vznikaly megalitick\u00e9 menhiry, v\u011b\u017ee chr\u00e1m\u016f a minarety me\u0161it. Menhir i v\u011b\u017e je prst, kter\u00fd ukazuje k&nbsp;nebi, je to \u010dlov\u011bk stoj\u00edc\u00ed na zemi a hlavou se dot\u00fdkaj\u00edc\u00ed nebe. My se ale nechceme jen dot\u00fdkat, tou\u017e\u00edme si nebe p\u0159it\u00e1hnout, nebo ho vyzdvihnout, vytvo\u0159it. Vzep\u0159\u00edt se t\u00ed\u017ei, vyzvednout hmotu, a t\u00edmto vyzvednut\u00edm vytvo\u0159it prostor, jakousi br\u00e1nu k&nbsp;spolu\u00fa\u010dasti na stvo\u0159en\u00ed. P\u0159es vzty\u010den\u00e9 kameny polo\u017een\u00fd dal\u0161\u00ed k\u00e1men vytv\u00e1\u0159\u00ed podobenstv\u00ed univerza, obraz kosmu, kr\u00e1sn\u00fd \u0161perk \u2013 co je naho\u0159e, je i dole. Lid\u00e9 postavili dolmeny, postavili Stonehenge, zaklenuli chr\u00e1my. I j\u00e1 jsem ve sv\u00e9 socha\u0159sk\u00e9 tvorb\u011b vzty\u010dil \u0159adu menhir\u016f a uk\u00e1zal k nebi, vytvo\u0159il br\u00e1ny, vyzdvihl kameny, zaklenul prostor. Vyzvednut\u00ed velk\u00e9 hmoty a vytvo\u0159en\u00ed stabiln\u00edho, ale z\u00e1rove\u0148 k\u0159ehk\u00e9ho prostoru, prostoru, kter\u00fd je transparentn\u00ed a otev\u0159en\u00fd, je to vyvzdorovan\u00fd prostor, prostor mezi zem\u00ed a nebem, hmotou a kosmem, prostor \u010dlov\u011bka, m\u016fj prostor.<\/p>\nngg_shortcode_1_placeholder\n<p><a href=\"https:\/\/www.google.cz\/maps\/place\/49%C2%B039'18.0%22N+14%C2%B035'38.1%22E\/@49.6550094,14.5917388,627m\/data=!3m2!1e3!4b1!4m5!3m4!1s0x0:0x0!8m2!3d49.6550094!4d14.5939275\">GPS: 49.6550094N, 14.5939275E<\/a><\/p>\n<p>&nbsp;<\/p>\n","protected":false},"excerpt":{"rendered":"<p>180 x 360 x 140 cm \u017eula, \u017eelezo, sklo 2012 \u2013 2017 Radot\u00edn, Olbramovice &#8220; order_by=&#8220;sortorder&#8220; order_direction=&#8220;ASC&#8220; returns=&#8220;included&#8220; maximum_entity_count=&#8220;500&#8243;] Od nepam\u011bti lid\u00e9 vzty\u010dovali kameny. Vypad\u00e1 to tak, \u017ee tato touha p\u0159ekonat t\u00ed\u017ei, ji\u017e jsme v\u00e1zan\u00ed k&nbsp;zemi, je \u010dlov\u011bku d\u00e1na. Je t\u011b\u017eko pochopiteln\u00e9, pro\u010d na\u0161i p\u0159edci vynakl\u00e1dali tak velik\u00e9 \u00fasil\u00ed na stavby, kter\u00e9 m\u011bly, jak se&#8230;<\/p>\n","protected":false},"author":1,"featured_media":0,"parent":84,"menu_order":0,"comment_status":"closed","ping_status":"closed","template":"","meta":{"ngg_post_thumbnail":0,"footnotes":""},"class_list":["post-1174","page","type-page","status-publish","hentry"],"_links":{"self":[{"href":"https:\/\/www.zdenek-hula.cz\/index.php\/wp-json\/wp\/v2\/pages\/1174","targetHints":{"allow":["GET"]}}],"collection":[{"href":"https:\/\/www.zdenek-hula.cz\/index.php\/wp-json\/wp\/v2\/pages"}],"about":[{"href":"https:\/\/www.zdenek-hula.cz\/index.php\/wp-json\/wp\/v2\/types\/page"}],"author":[{"embeddable":true,"href":"https:\/\/www.zdenek-hula.cz\/index.php\/wp-json\/wp\/v2\/users\/1"}],"replies":[{"embeddable":true,"href":"https:\/\/www.zdenek-hula.cz\/index.php\/wp-json\/wp\/v2\/comments?post=1174"}],"version-history":[{"count":0,"href":"https:\/\/www.zdenek-hula.cz\/index.php\/wp-json\/wp\/v2\/pages\/1174\/revisions"}],"up":[{"embeddable":true,"href":"https:\/\/www.zdenek-hula.cz\/index.php\/wp-json\/wp\/v2\/pages\/84"}],"wp:attachment":[{"href":"https:\/\/www.zdenek-hula.cz\/index.php\/wp-json\/wp\/v2\/media?parent=1174"}],"curies":[{"name":"wp","href":"https:\/\/api.w.org\/{rel}","templated":true}]}}