{"id":1339,"date":"2020-05-08T08:56:14","date_gmt":"2020-05-08T08:56:14","guid":{"rendered":"http:\/\/www.zdenek-hula.cz\/?page_id=1339"},"modified":"2020-05-08T09:03:15","modified_gmt":"2020-05-08T09:03:15","slug":"sedm-dnu-seven-days","status":"publish","type":"page","link":"https:\/\/www.zdenek-hula.cz\/index.php\/realizace\/sedm-dnu-seven-days\/","title":{"rendered":"Sedm dn\u016f \/ Seven days"},"content":{"rendered":"<p>265 x 600 x 600 cm<br \/>\nk\u00e1men \u2013 \u017eula, \u017eelezo, zrcadla<br \/>\nstone &#8211; granit, iron, mirrors<br \/>\n2018<br \/>\nRadot\u00edn, Olbramovice<\/p>\n<p>ngg_shortcode_0_placeholderSEDM DN\u016e, je instalace sedmi \u017eulov\u00fdch objekt\u016f na \u017eelezn\u00e9 z\u00e1kladn\u011b, jednotliv\u00e9 objekty jsou nalezen\u00e9 kameny, tvarovan\u00e9 silami p\u0159\u00edrody do jedine\u010dn\u00fdch forem, kter\u00e9 jsou komentovan\u00e9, a\u017e na jednu v\u00fdjimku, strohou geometrickou intervenc\u00ed. Pe\u010dliv\u00fd v\u00fdb\u011br kamen\u016f, um\u00edst\u011bn\u00ed, sm\u011br a hloubka v\u00fd\u0159ezu a vlo\u017een\u00edm, nebo nevlo\u017een\u00edm r\u016fzn\u00e9 sestavy zrcadel, vznikla \u0159ada no\u017en\u00fdch interpretac\u00ed vznikl\u00e9 reality. V objektu pracuji se subjektivn\u00edm v\u00fdkladem Biblick\u00e9ho textu (Genesis 1, ver\u0161 1 \u2013 26, Genesis 2, ver\u0161 1 &#8211; 3), vzniklo podobenstv\u00edm o z\u00e1kladn\u00edch kamenech, ze kter\u00fdch se skl\u00e1d\u00e1 n\u00e1\u0161 sv\u011bt, univerzum; 1 sv\u011btlo, 2 hmota, 3 \u017eivot, 4 \u010das, 5 tvor, 6 \u010dlov\u011bk, 7 pr\u00e1zdno.<\/p>\n<p>ngg_shortcode_1_placeholderGPS: <a href=\"https:\/\/www.google.com\/maps\/place\/49%C2%B039'15.2%22N+14%C2%B035'39.7%22E\/@49.6542275,14.5943644,17z\/data=!3m1!4b1!4m5!3m4!1s0x0:0x0!8m2!3d49.6542275!4d14.5943644\">49.6542275N, 14.5943644E<\/a><\/p>\n","protected":false},"excerpt":{"rendered":"<p>265 x 600 x 600 cm k\u00e1men \u2013 \u017eula, \u017eelezo, zrcadla stone &#8211; granit, iron, mirrors 2018 Radot\u00edn, Olbramovice SEDM DN\u016e, je instalace sedmi \u017eulov\u00fdch objekt\u016f na \u017eelezn\u00e9 z\u00e1kladn\u011b, jednotliv\u00e9 objekty jsou nalezen\u00e9 kameny, tvarovan\u00e9 silami p\u0159\u00edrody do jedine\u010dn\u00fdch forem, kter\u00e9 jsou komentovan\u00e9, a\u017e na jednu v\u00fdjimku, strohou geometrickou intervenc\u00ed. Pe\u010dliv\u00fd v\u00fdb\u011br kamen\u016f, um\u00edst\u011bn\u00ed, sm\u011br&#8230;<\/p>\n","protected":false},"author":1,"featured_media":0,"parent":84,"menu_order":0,"comment_status":"closed","ping_status":"closed","template":"","meta":{"ngg_post_thumbnail":0,"footnotes":""},"class_list":["post-1339","page","type-page","status-publish","hentry"],"_links":{"self":[{"href":"https:\/\/www.zdenek-hula.cz\/index.php\/wp-json\/wp\/v2\/pages\/1339","targetHints":{"allow":["GET"]}}],"collection":[{"href":"https:\/\/www.zdenek-hula.cz\/index.php\/wp-json\/wp\/v2\/pages"}],"about":[{"href":"https:\/\/www.zdenek-hula.cz\/index.php\/wp-json\/wp\/v2\/types\/page"}],"author":[{"embeddable":true,"href":"https:\/\/www.zdenek-hula.cz\/index.php\/wp-json\/wp\/v2\/users\/1"}],"replies":[{"embeddable":true,"href":"https:\/\/www.zdenek-hula.cz\/index.php\/wp-json\/wp\/v2\/comments?post=1339"}],"version-history":[{"count":7,"href":"https:\/\/www.zdenek-hula.cz\/index.php\/wp-json\/wp\/v2\/pages\/1339\/revisions"}],"predecessor-version":[{"id":1347,"href":"https:\/\/www.zdenek-hula.cz\/index.php\/wp-json\/wp\/v2\/pages\/1339\/revisions\/1347"}],"up":[{"embeddable":true,"href":"https:\/\/www.zdenek-hula.cz\/index.php\/wp-json\/wp\/v2\/pages\/84"}],"wp:attachment":[{"href":"https:\/\/www.zdenek-hula.cz\/index.php\/wp-json\/wp\/v2\/media?parent=1339"}],"curies":[{"name":"wp","href":"https:\/\/api.w.org\/{rel}","templated":true}]}}