{"id":980,"date":"2017-07-31T15:45:01","date_gmt":"2017-07-31T15:45:01","guid":{"rendered":"http:\/\/www.zdenek-hula.cz\/?page_id=980"},"modified":"2017-07-31T16:59:32","modified_gmt":"2017-07-31T16:59:32","slug":"sv-jan-ve-vlcim-dole","status":"publish","type":"page","link":"https:\/\/www.zdenek-hula.cz\/index.php\/realizace\/sv-jan-ve-vlcim-dole\/","title":{"rendered":"Sv. Jan ve Vl\u010d\u00edm dole"},"content":{"rendered":"<p>57 x 160 x 95 cm<br \/>\nk\u00e1men \u2013 \u017eula, voda<br \/>\n2014<\/p>\nngg_shortcode_0_placeholder\n<p>Ponorn\u00e1 socha \u201esv. Jan\u201c pracuje s protiklady, trv\u00e1n\u00ed a pom\u00edjen\u00ed. Zd\u00e1nliv\u011b nem\u011bnn\u00fd k\u00e1men vzdoruj\u00edc\u00ed \u010dasu i \u017eivlu a neust\u00e1le plynouc\u00ed a prom\u011b\u0148uj\u00edc\u00ed se voda, symbolika st\u00e1losti, pevnosti v prom\u011bn\u00e1ch \u010dasu. T\u00edm \u017ee kamenn\u00fd objekt m\u00e1 v\u00fdrazn\u011b v\u00fd\u0161kov\u011b modelovan\u00fd reli\u00e9f, prom\u011b\u0148uje se vizu\u00e1ln\u00ed podoba skulptury v z\u00e1vislosti na v\u00fd\u0161ce hladiny Vav\u0159ineck\u00e9ho potoka. Tvaroslov\u00ed vych\u00e1z\u00ed z tradi\u010dn\u00edch barokn\u00edch soch sv. Jana Nepomuck\u00e9ho, v\u00fdsledn\u00e1 podoba je v\u00fdrazn\u011b abstrahov\u00e1na, pracuje s n\u00e1znakem a fantazi\u00ed div\u00e1ka. V jemn\u00e9m detailu jsou pou\u017eity ikonick\u00e9 atributy, p\u011bt hv\u011bzd a k\u0159\u00ed\u017e. Socha je um\u00edst\u011bn\u00e1 pod barokn\u00ed kamenn\u00fd most, na kter\u00e9m st\u00e1val sv. Jan Nepomuck\u00fd vytesan\u00fd z p\u00edskovce, kter\u00fd jako jeho p\u0159edobraz byl tak\u00e9 svr\u017een do vody, netradi\u010dn\u00ed lokace se vztahuje k t\u011bmto ud\u00e1lostem.<\/p>\nngg_shortcode_1_placeholder\n<p>&nbsp;<\/p>\n<p><span style=\"color: #000000;\">GPS: <\/span><a href=\"https:\/\/www.google.cz\/maps\/place\/49%C2%B057'58.3%22N+15%C2%B000'54.5%22E\/@49.9662051,15.0129538,17z\/data=!3m1!4b1!4m5!3m4!1s0x0:0x0!8m2!3d49.9662017!4d15.0151425\"><span style=\"color: #000000;\">49.9662017N, 15.0151425E<\/span><\/a><\/p>\n","protected":false},"excerpt":{"rendered":"<p>57 x 160 x 95 cm k\u00e1men \u2013 \u017eula, voda 2014 &#8220; order_by=&#8220;sortorder&#8220; order_direction=&#8220;ASC&#8220; returns=&#8220;included&#8220; maximum_entity_count=&#8220;500&#8243;] Ponorn\u00e1 socha \u201esv. Jan\u201c pracuje s protiklady, trv\u00e1n\u00ed a pom\u00edjen\u00ed. Zd\u00e1nliv\u011b nem\u011bnn\u00fd k\u00e1men vzdoruj\u00edc\u00ed \u010dasu i \u017eivlu a neust\u00e1le plynouc\u00ed a prom\u011b\u0148uj\u00edc\u00ed se voda, symbolika st\u00e1losti, pevnosti v prom\u011bn\u00e1ch \u010dasu. T\u00edm \u017ee kamenn\u00fd objekt m\u00e1 v\u00fdrazn\u011b v\u00fd\u0161kov\u011b modelovan\u00fd reli\u00e9f,&#8230;<\/p>\n","protected":false},"author":1,"featured_media":0,"parent":84,"menu_order":0,"comment_status":"closed","ping_status":"closed","template":"","meta":{"ngg_post_thumbnail":0,"footnotes":""},"class_list":["post-980","page","type-page","status-publish","hentry"],"_links":{"self":[{"href":"https:\/\/www.zdenek-hula.cz\/index.php\/wp-json\/wp\/v2\/pages\/980","targetHints":{"allow":["GET"]}}],"collection":[{"href":"https:\/\/www.zdenek-hula.cz\/index.php\/wp-json\/wp\/v2\/pages"}],"about":[{"href":"https:\/\/www.zdenek-hula.cz\/index.php\/wp-json\/wp\/v2\/types\/page"}],"author":[{"embeddable":true,"href":"https:\/\/www.zdenek-hula.cz\/index.php\/wp-json\/wp\/v2\/users\/1"}],"replies":[{"embeddable":true,"href":"https:\/\/www.zdenek-hula.cz\/index.php\/wp-json\/wp\/v2\/comments?post=980"}],"version-history":[{"count":0,"href":"https:\/\/www.zdenek-hula.cz\/index.php\/wp-json\/wp\/v2\/pages\/980\/revisions"}],"up":[{"embeddable":true,"href":"https:\/\/www.zdenek-hula.cz\/index.php\/wp-json\/wp\/v2\/pages\/84"}],"wp:attachment":[{"href":"https:\/\/www.zdenek-hula.cz\/index.php\/wp-json\/wp\/v2\/media?parent=980"}],"curies":[{"name":"wp","href":"https:\/\/api.w.org\/{rel}","templated":true}]}}